{"id":104,"date":"2021-09-10T14:37:15","date_gmt":"2021-09-10T14:37:15","guid":{"rendered":"https:\/\/doku.basionapp.de\/?page_id=104"},"modified":"2021-09-13T07:00:05","modified_gmt":"2021-09-13T07:00:05","slug":"auftragsdaten","status":"publish","type":"page","link":"https:\/\/doku.basionapp.de\/index.php\/auftragsdaten\/","title":{"rendered":"Auftragsdaten"},"content":{"rendered":"\n<p>Nach dem Login befinden sie sich bei der Auswahl der Auftr\u00e4ge. Die Auftr\u00e4ge sind nach dem Liefertermin bzw. Nach einer von ihnen in basion vorgegebenen Reihenfolge sortiert.<\/p>\n\n\n\n<div class=\"wp-block-image\"><figure class=\"aligncenter size-full\"><img loading=\"lazy\" decoding=\"async\" width=\"363\" height=\"643\" src=\"https:\/\/doku.basionapp.de\/wp-content\/uploads\/2021\/09\/Anfallstellen.jpg\" alt=\"\" class=\"wp-image-109\" srcset=\"https:\/\/doku.basionapp.de\/wp-content\/uploads\/2021\/09\/Anfallstellen.jpg 363w, https:\/\/doku.basionapp.de\/wp-content\/uploads\/2021\/09\/Anfallstellen-169x300.jpg 169w\" sizes=\"auto, (max-width: 363px) 100vw, 363px\" \/><\/figure><\/div>\n\n\n\n<p>In der obersten Zeile sehen sie die Lieferungengruppe (=Auftrag) und Lieferdatum\/-uhrzeit. Au\u00dferdem finden sie dort den Button, mit dem der Fahrer festlegen kann, dass er den Auftrag begonnen hat.<\/p>\n\n\n\n<p>Die Uhrzeit, zu der der Auftrag beendet wurde, wird durch das abspeichern des Datensatzes festgelegt.<\/p>\n\n\n\n<p>Darunter, hier weinrot hinterlegt, sehen sie die Auftragsdaten wie Firmenanschrift und evtl. weitere Informationen, die f\u00fcr ihren Mitarbeiter relevant sind.<\/p>\n\n\n\n<p>Danach erscheinen die Lieferscheindaten, es k\u00f6nnten auch mehrere Lieferscheine zu einem Auftrag geh\u00f6ren, diese werden dann jeweils in einer eigenen Gruppe angezeigt.<\/p>\n\n\n\n<p>Auftragsbereich und Lieferscheinbereich sind individuell f\u00fcr sie anpassbar, sie k\u00f6nnen uns mitteilen, welche Informationen sie angezeigt bekommen m\u00f6chten und auch die Schriftgr\u00f6\u00dfen und Farben k\u00f6nnen ihren W\u00fcnschen gem\u00e4\u00df eingestellt werden.<\/p>\n\n\n\n<p>Im Fu\u00dfbereich des Displays sehen sie verschiedene Symbole.<\/p>\n\n\n\n<p>Der M\u00fclleimer symbolisiert die L\u00f6schfunktion f\u00fcr einen Auftrag. Damit kann der Mitarbeiter einen Auftrag als gel\u00f6scht markieren, anstatt ihn als erledigt zu kennzeichnen. Dies ist z.B. bei der Abrechnung des Auftrages relevant!<\/p>\n\n\n\n<div class=\"wp-block-image\"><figure class=\"aligncenter size-full\"><img loading=\"lazy\" decoding=\"async\" width=\"361\" height=\"643\" src=\"https:\/\/doku.basionapp.de\/wp-content\/uploads\/2021\/09\/AuftragLschen.jpg\" alt=\"\" class=\"wp-image-111\" srcset=\"https:\/\/doku.basionapp.de\/wp-content\/uploads\/2021\/09\/AuftragLschen.jpg 361w, https:\/\/doku.basionapp.de\/wp-content\/uploads\/2021\/09\/AuftragLschen-168x300.jpg 168w\" sizes=\"auto, (max-width: 361px) 100vw, 361px\" \/><\/figure><\/div>\n\n\n\n<p>Daneben befinden sich zwei Wolkensymbole, Pfeil nach unten symbolisiert den Staus der letzten Datenabholung vom basion mobile Webserver, Pfeil nach oben symbolisiert den Status des letzten Sendens der erfassten Daten. Bei gr\u00fcn war alles ok, wei\u00df symbolisiert, dass es bisher noch nichts zum senden gab, rot symbolisiert, dass ein Fehler auftrat.<\/p>\n\n\n\n<p>Dieser Status wird meist erreicht, wenn sich das Ger\u00e4t momentan nicht mit dem Web-Server verbinden kann, weil es sich z.B. in einem Funkloch befindet. Die Daten gehen in diesem Fall selbstverst\u00e4ndlich nicht verloren, sie bleiben auf dem Ger\u00e4t so lange gespeichert, bis wieder ein erfolgreicher Upload m\u00f6glich war.<\/p>\n\n\n\n<p>Sie k\u00f6nnen den eingestellten Intervall f\u00fcr das abholen und senden der Daten manuell ausl\u00f6sen, indem sie auf eine der beiden Wolken tippen. In diesem Fall wird sofort eine Verbindung zum Web-Server hergestellt.<\/p>\n\n\n\n<p>Das Strichcodesymbol&nbsp;symbolisiert das Barcode scannen. Sollten sie ihrem Mitarbeiter Papierdokumente mitgeben, k\u00f6nnen sie auf diesen einen Barcode oder QR-Code ausdrucken, mittels denen der Mitarbeiter durch einscannen direkt in den entsprechenden Auftrag springen kann, ohne diesen ausw\u00e4hlen zu m\u00fcssen.<\/p>\n\n\n\n<p>Durch antippen der Schrift &#8222;alle anzeigen&#8220; bzw &#8222;nur unerledigte&#8220; k\u00f6nnen sie ausw\u00e4hlen, welche Auftr\u00e4ge sie in dieser Liste sehen m\u00f6chten.<\/p>\n\n\n\n<div class=\"wp-block-image\"><figure class=\"aligncenter size-full\"><img loading=\"lazy\" decoding=\"async\" width=\"363\" height=\"645\" src=\"https:\/\/doku.basionapp.de\/wp-content\/uploads\/2021\/09\/AuftragSuchen.jpg\" alt=\"\" class=\"wp-image-113\" srcset=\"https:\/\/doku.basionapp.de\/wp-content\/uploads\/2021\/09\/AuftragSuchen.jpg 363w, https:\/\/doku.basionapp.de\/wp-content\/uploads\/2021\/09\/AuftragSuchen-169x300.jpg 169w\" sizes=\"auto, (max-width: 363px) 100vw, 363px\" \/><figcaption>Auftr\u00e4ge suchen<\/figcaption><\/figure><\/div>\n\n\n\n<p>Falls ihre Auftragsliste sehr umfangreich ist, k\u00f6nnen sie nach einem oder mehreren Auftr\u00e4gen suchen, indem sie oben auf die Lupe klicken.<\/p>\n\n\n\n<p>Standardm\u00e4\u00dfig ist der Firmenname als Suchfeld definiert, sie k\u00f6nnen jedoch jedes beliebige Datenfeld in basion als Suchfeld definieren lassen, sollte dies f\u00fcr ihren speziellen Anforderungen sinnvoller sein!<\/p>\n\n\n\n<p>Daraufhin erscheint eine Eingabezeile, in der sie einen Suchbegriff eintragen k\u00f6nnen. Dieser Suchbegriff kann sich irgendwo in dem Suchdatenfeld befinden, muss also nicht am Anfang stehen.<\/p>\n\n\n\n<p>Im abgebildeten Beispiel wurde nach &#8222;m\u00fcl&#8220; gesucht und es wurden sowohl &#8222;M\u00fcller, Sabine&#8220; als auch &#8222;Max M\u00fcller&#8220; gefunden!<\/p>\n\n\n\n<p>Es werden dann nur noch die Auftr\u00e4ge angezeigt, die diesem Suchbegriff entsprechen!<\/p>\n\n\n\n<p>Durch erneutes tippen auf die Lupe verschwindet diese Eingabezeile wieder, die Auswahl ist jedoch weiterhin eingegrenzt, bis sie das Suchfeld wieder leeren.<\/p>\n\n\n\n<p><\/p>\n\n\n\n<p><strong>Lieferpositionsauswahl:<\/strong><\/p>\n\n\n\n<p>Wenn sie den Lieferungenblock (in dieser Ansicht wei\u00df dargestellt) nach links schieben,&nbsp;sehen Sie drei weitere Symbole.<\/p>\n\n\n\n<p>Alternativ k\u00f6nnen Sie eine Position auch durch Doppeltipp statt Linkswischen ausw\u00e4hlen.<\/p>\n\n\n\n<div class=\"wp-block-image\"><figure class=\"aligncenter size-full\"><img loading=\"lazy\" decoding=\"async\" width=\"362\" height=\"639\" src=\"https:\/\/doku.basionapp.de\/wp-content\/uploads\/2021\/09\/AnfallstellenAuswahl1.jpg\" alt=\"\" class=\"wp-image-114\" srcset=\"https:\/\/doku.basionapp.de\/wp-content\/uploads\/2021\/09\/AnfallstellenAuswahl1.jpg 362w, https:\/\/doku.basionapp.de\/wp-content\/uploads\/2021\/09\/AnfallstellenAuswahl1-170x300.jpg 170w\" sizes=\"auto, (max-width: 362px) 100vw, 362px\" \/><\/figure><\/div>\n\n\n\n<p>Durch Tippen auf das erste Symbol gelangen sie in die App GoogleMaps, sofern sie diese App auf ihrem Ger\u00e4t installiert haben.<\/p>\n\n\n\n<p>Es wird ihnen hier bereits die Route von ihrem momentanen Standort zu dem Auftragsziel angezeigt. Durch tippen auf &#8222;Starten&#8220; wird sie Google zu ihrem Ziel leiten.<\/p>\n\n\n\n<div class=\"wp-block-image\"><figure class=\"aligncenter size-full\"><img loading=\"lazy\" decoding=\"async\" width=\"450\" height=\"325\" src=\"https:\/\/doku.basionapp.de\/wp-content\/uploads\/2021\/09\/maps.png\" alt=\"\" class=\"wp-image-116\" srcset=\"https:\/\/doku.basionapp.de\/wp-content\/uploads\/2021\/09\/maps.png 450w, https:\/\/doku.basionapp.de\/wp-content\/uploads\/2021\/09\/maps-300x217.png 300w\" sizes=\"auto, (max-width: 450px) 100vw, 450px\" \/><\/figure><\/div>\n\n\n\n<p>Durch Tippen auf das dritte Symbol gelangen sie in die Zeit- bzw. Statuserfassung<\/p>\n\n\n\n<p>Hier kann ihr Mitarbeiter basion mitteilen, in wieweit der Auftrag fortgeschritten ist bzw. Er kann<\/p>\n\n\n\n<p>auch seine Arbeits und Pausenzeiten eintragen.<\/p>\n\n\n\n<p>Diese Zeiten werden in basion weiter verarbeitet.<\/p>\n\n\n\n<p>Sollten sie keine Auswahl treffen wollen, tippen sie auf &#8222;Abbrechen&#8220;<\/p>\n\n\n\n<div class=\"wp-block-image\"><figure class=\"aligncenter size-large is-resized\"><img loading=\"lazy\" decoding=\"async\" src=\"https:\/\/doku.basionapp.de\/wp-content\/uploads\/2021\/09\/Zeitkontrolle-576x1024.jpg\" alt=\"\" class=\"wp-image-118\" width=\"394\" height=\"700\" srcset=\"https:\/\/doku.basionapp.de\/wp-content\/uploads\/2021\/09\/Zeitkontrolle-576x1024.jpg 576w, https:\/\/doku.basionapp.de\/wp-content\/uploads\/2021\/09\/Zeitkontrolle-169x300.jpg 169w, https:\/\/doku.basionapp.de\/wp-content\/uploads\/2021\/09\/Zeitkontrolle.jpg 720w\" sizes=\"auto, (max-width: 394px) 100vw, 394px\" \/><\/figure><\/div>\n\n\n\n<p>Durch tippen auf das zweite Symbol gelangen sie in die Lieferscheinerfassung<\/p>\n\n\n\n<div class=\"wp-block-buttons is-layout-flex wp-block-buttons-is-layout-flex\">\n<div class=\"wp-block-button has-custom-font-size is-style-outline has-normal-font-size is-style-outline--1\"><a class=\"wp-block-button__link\" href=\"https:\/\/doku.basionapp.de\/index.php\/lieferscheinerfassung\/\">zu der Lieferscheinerfassung<\/a><\/div>\n<\/div>\n","protected":false},"excerpt":{"rendered":"<p>Nach dem Login befinden sie sich bei der Auswahl der Auftr\u00e4ge. Die Auftr\u00e4ge sind nach dem Liefertermin bzw. Nach einer von ihnen in basion vorgegebenen Reihenfolge sortiert. In der obersten Zeile sehen sie die Lieferungengruppe (=Auftrag) und Lieferdatum\/-uhrzeit. Au\u00dferdem finden sie dort den Button, mit dem der Fahrer festlegen kann, dass er den Auftrag begonnen [&hellip;]<\/p>\n","protected":false},"author":1,"featured_media":0,"parent":0,"menu_order":0,"comment_status":"closed","ping_status":"closed","template":"","meta":{"footnotes":""},"class_list":["post-104","page","type-page","status-publish","hentry"],"_links":{"self":[{"href":"https:\/\/doku.basionapp.de\/index.php\/wp-json\/wp\/v2\/pages\/104","targetHints":{"allow":["GET"]}}],"collection":[{"href":"https:\/\/doku.basionapp.de\/index.php\/wp-json\/wp\/v2\/pages"}],"about":[{"href":"https:\/\/doku.basionapp.de\/index.php\/wp-json\/wp\/v2\/types\/page"}],"author":[{"embeddable":true,"href":"https:\/\/doku.basionapp.de\/index.php\/wp-json\/wp\/v2\/users\/1"}],"replies":[{"embeddable":true,"href":"https:\/\/doku.basionapp.de\/index.php\/wp-json\/wp\/v2\/comments?post=104"}],"version-history":[{"count":7,"href":"https:\/\/doku.basionapp.de\/index.php\/wp-json\/wp\/v2\/pages\/104\/revisions"}],"predecessor-version":[{"id":126,"href":"https:\/\/doku.basionapp.de\/index.php\/wp-json\/wp\/v2\/pages\/104\/revisions\/126"}],"wp:attachment":[{"href":"https:\/\/doku.basionapp.de\/index.php\/wp-json\/wp\/v2\/media?parent=104"}],"curies":[{"name":"wp","href":"https:\/\/api.w.org\/{rel}","templated":true}]}}