{"id":122,"date":"2021-09-10T14:52:40","date_gmt":"2021-09-10T14:52:40","guid":{"rendered":"https:\/\/doku.basionapp.de\/?page_id=122"},"modified":"2021-09-13T07:08:44","modified_gmt":"2021-09-13T07:08:44","slug":"lieferscheinerfassung","status":"publish","type":"page","link":"https:\/\/doku.basionapp.de\/index.php\/lieferscheinerfassung\/","title":{"rendered":"Lieferscheinerfassung"},"content":{"rendered":"\n<p>Durch Tippen auf das zweite Symbol gelangen Sie in die Lieferscheinerfassung.<\/p>\n\n\n\n<p>Alle hier angezeigten Daten und nat\u00fcrlich auch die gew\u00fcnschten Schriftgr\u00f6\u00dfen und Farben k\u00f6nnen wir f\u00fcr sie individuell anpassen, ohne dass sie einen Softwareupdate ben\u00f6tigen.<\/p>\n\n\n\n<p>Die gr\u00fcn umrandeten Datenfelder sind editierbar, das hei\u00dft, der Mitarbeiter kann oder muss sogar hier etwas eintragen. Alle anderen Daten dienen lediglich der Information, sie teilen uns vorher mit, welche Daten sie angezeigt bekommen m\u00f6chten. Sie k\u00f6nnen uns mitteilen, welche Informationen aus basion f\u00fcr sie relevant sind, wir passen diese Informationen dann individuell f\u00fcr sie an.<\/p>\n\n\n\n<p>Falls sie in dem Info-Bereich ein Telefonsymbol sehen, k\u00f6nnen sie sich damit direkt mit dem Ansprechpartner ihres Kunden verbinden lassen.<\/p>\n\n\n\n<p>In der Kopfzeile sehen sie links das Symbol f\u00fcr die Unterschrift und rechts das Symbol der Kamerafunktion. Durch Antippen dieser Symbole gelangen sie direkt in die entsprechende Sektion, sie k\u00f6nnen jedoch auch durch wischen dahin gelangen.<\/p>\n\n\n\n<p>Falls mehrere Lieferscheine pro Auftrag vorhanden sind, k\u00f6nnen sie diese durch Antippen der gelben Symbole durchbl\u00e4ttern, wobei sie entweder an den Anfang\/das Ende der Liste springen k\u00f6nnen oder Lieferschein f\u00fcr Lieferschein durchbl\u00e4ttern. Erfasste Daten werden vor dem weiter bl\u00e4ttern gespeichert.<\/p>\n\n\n\n<div class=\"wp-block-image\"><figure class=\"aligncenter size-full\"><img loading=\"lazy\" decoding=\"async\" width=\"360\" height=\"642\" src=\"https:\/\/doku.basionapp.de\/wp-content\/uploads\/2021\/09\/Lieferung1.jpg\" alt=\"\" class=\"wp-image-123\" srcset=\"https:\/\/doku.basionapp.de\/wp-content\/uploads\/2021\/09\/Lieferung1.jpg 360w, https:\/\/doku.basionapp.de\/wp-content\/uploads\/2021\/09\/Lieferung1-168x300.jpg 168w\" sizes=\"auto, (max-width: 360px) 100vw, 360px\" \/><\/figure><\/div>\n\n\n\n<p>Google stellt einen sehr sinnvollen Dienst zur Verf\u00fcgung, mit dem sie auch Spracheingaben direkt in die Datenfelder eintragen lassen k\u00f6nnen.<\/p>\n\n\n\n<p>Tippen sie in das entsprechende Datenfeld (eigentlich nur sinnvoll bei Textfeldern) und tippen dann auf das Mikrofonsymbol der eingeblendeten Tastatur, um z.B. umfangreichere Bemerkungen per Sprache einzugeben.<\/p>\n\n\n\n<p>Speichern sie ihre Eingaben ab, damit diese nicht verloren gehen.<\/p>\n\n\n\n<p>Sollten sie alle Lieferscheine angesehen haben, werden sie beim Speichern gefragt, ob sie gleichzeitig den Auftrag abschlie\u00dfen m\u00f6chten. Best\u00e4tigen sie diese Auswahl und alle Lieferscheine sind bearbeitet, erscheint dieser Auftrag nicht mehr in ihrer Auftragsliste.<\/p>\n\n\n\n<p>Sie k\u00f6nnen den Auftrag nicht abschlie\u00dfen, wenn sie bei den Einstellungen angegeben haben, dass eine Unterschrift ben\u00f6tigt wird, diese jedoch noch nicht erfasst wurde.<\/p>\n\n\n\n<p>Vor dem Abspeichern k\u00f6nnen sie diesem Lieferschein noch beliebig viele Fotos zuordnen. Schieben sie hierzu den Screen nach links.<\/p>\n\n\n\n<div class=\"wp-block-buttons is-layout-flex wp-block-buttons-is-layout-flex\">\n<div class=\"wp-block-button has-custom-font-size is-style-outline has-normal-font-size is-style-outline--1\"><a class=\"wp-block-button__link\" href=\"https:\/\/doku.basionapp.de\/index.php\/fotos\/\">Zu den Fotos<\/a><\/div>\n<\/div>\n","protected":false},"excerpt":{"rendered":"<p>Durch Tippen auf das zweite Symbol gelangen Sie in die Lieferscheinerfassung. Alle hier angezeigten Daten und nat\u00fcrlich auch die gew\u00fcnschten Schriftgr\u00f6\u00dfen und Farben k\u00f6nnen wir f\u00fcr sie individuell anpassen, ohne dass sie einen Softwareupdate ben\u00f6tigen. Die gr\u00fcn umrandeten Datenfelder sind editierbar, das hei\u00dft, der Mitarbeiter kann oder muss sogar hier etwas eintragen. Alle anderen Daten [&hellip;]<\/p>\n","protected":false},"author":1,"featured_media":0,"parent":0,"menu_order":0,"comment_status":"closed","ping_status":"closed","template":"","meta":{"footnotes":""},"class_list":["post-122","page","type-page","status-publish","hentry"],"_links":{"self":[{"href":"https:\/\/doku.basionapp.de\/index.php\/wp-json\/wp\/v2\/pages\/122","targetHints":{"allow":["GET"]}}],"collection":[{"href":"https:\/\/doku.basionapp.de\/index.php\/wp-json\/wp\/v2\/pages"}],"about":[{"href":"https:\/\/doku.basionapp.de\/index.php\/wp-json\/wp\/v2\/types\/page"}],"author":[{"embeddable":true,"href":"https:\/\/doku.basionapp.de\/index.php\/wp-json\/wp\/v2\/users\/1"}],"replies":[{"embeddable":true,"href":"https:\/\/doku.basionapp.de\/index.php\/wp-json\/wp\/v2\/comments?post=122"}],"version-history":[{"count":2,"href":"https:\/\/doku.basionapp.de\/index.php\/wp-json\/wp\/v2\/pages\/122\/revisions"}],"predecessor-version":[{"id":143,"href":"https:\/\/doku.basionapp.de\/index.php\/wp-json\/wp\/v2\/pages\/122\/revisions\/143"}],"wp:attachment":[{"href":"https:\/\/doku.basionapp.de\/index.php\/wp-json\/wp\/v2\/media?parent=122"}],"curies":[{"name":"wp","href":"https:\/\/api.w.org\/{rel}","templated":true}]}}