{"id":127,"date":"2021-09-13T07:00:51","date_gmt":"2021-09-13T07:00:51","guid":{"rendered":"https:\/\/doku.basionapp.de\/?page_id=127"},"modified":"2021-09-13T07:04:34","modified_gmt":"2021-09-13T07:04:34","slug":"fotos","status":"publish","type":"page","link":"https:\/\/doku.basionapp.de\/index.php\/fotos\/","title":{"rendered":"Fotos"},"content":{"rendered":"\n<p>&nbsp;Tippen sie auf Foto aufnehmen, um z.B. Unregelm\u00e4\u00dfigkeiten bei der Bearbeitung des Auftrages zu protokollieren.<\/p>\n\n\n\n<p>Die aufgenommenen Fotos sind eindeutig dem Auftrag und dem Lieferschein zugeordnet, k\u00f6nnen also auch in&nbsp;basion dem jeweiligen Auftrag und Lieferschein zugeordnet werden!<\/p>\n\n\n\n<p>Sie k\u00f6nnen beliebig viele Fotos aufnehmen, diese werden bei dem Datenaustausch mit basion mitgesendet und k\u00f6nnen dann unmittelbar in basion angezeigt werden.<\/p>\n\n\n\n<p>Wie bei der Beschreibung der Einstellungen bereits erl\u00e4utert, sind moderne Handys in der Lage, sehr detailtreue Fotos aufzunehmen. Diese Detailtreue wird nat\u00fcrlich durch ein erh\u00f6htes Datenvolumen erkauft. Um dieses Datenvolumen zu begrenzen und trotzdem eine brauchbare Fotoqualit\u00e4t zu bekommen, k\u00f6nnen sie mit dem Schieberegler in den Einstellungen experimentieren. Das Ergebnis wird ihnen nach dem Erstellen eines Fotos mitgeteilt, indem sie die Dateigr\u00f6\u00dfe angezeigt bekommen.<\/p>\n\n\n\n<p>Tippen sie auf das Einzelfoto, um dieses vergr\u00f6\u00dfert angezeigt zu bekommen.<\/p>\n\n\n\n<div class=\"wp-block-buttons is-layout-flex wp-block-buttons-is-layout-flex\">\n<div class=\"wp-block-button has-custom-font-size is-style-outline has-normal-font-size is-style-outline--1\"><a class=\"wp-block-button__link\" href=\"https:\/\/doku.basionapp.de\/index.php\/unterschrift\/\">zur Unterschrift<\/a><\/div>\n<\/div>\n","protected":false},"excerpt":{"rendered":"<p>&nbsp;Tippen sie auf Foto aufnehmen, um z.B. Unregelm\u00e4\u00dfigkeiten bei der Bearbeitung des Auftrages zu protokollieren. Die aufgenommenen Fotos sind eindeutig dem Auftrag und dem Lieferschein zugeordnet, k\u00f6nnen also auch in&nbsp;basion dem jeweiligen Auftrag und Lieferschein zugeordnet werden! Sie k\u00f6nnen beliebig viele Fotos aufnehmen, diese werden bei dem Datenaustausch mit basion mitgesendet und k\u00f6nnen dann unmittelbar [&hellip;]<\/p>\n","protected":false},"author":1,"featured_media":0,"parent":0,"menu_order":0,"comment_status":"closed","ping_status":"closed","template":"","meta":{"footnotes":""},"class_list":["post-127","page","type-page","status-publish","hentry"],"_links":{"self":[{"href":"https:\/\/doku.basionapp.de\/index.php\/wp-json\/wp\/v2\/pages\/127","targetHints":{"allow":["GET"]}}],"collection":[{"href":"https:\/\/doku.basionapp.de\/index.php\/wp-json\/wp\/v2\/pages"}],"about":[{"href":"https:\/\/doku.basionapp.de\/index.php\/wp-json\/wp\/v2\/types\/page"}],"author":[{"embeddable":true,"href":"https:\/\/doku.basionapp.de\/index.php\/wp-json\/wp\/v2\/users\/1"}],"replies":[{"embeddable":true,"href":"https:\/\/doku.basionapp.de\/index.php\/wp-json\/wp\/v2\/comments?post=127"}],"version-history":[{"count":3,"href":"https:\/\/doku.basionapp.de\/index.php\/wp-json\/wp\/v2\/pages\/127\/revisions"}],"predecessor-version":[{"id":133,"href":"https:\/\/doku.basionapp.de\/index.php\/wp-json\/wp\/v2\/pages\/127\/revisions\/133"}],"wp:attachment":[{"href":"https:\/\/doku.basionapp.de\/index.php\/wp-json\/wp\/v2\/media?parent=127"}],"curies":[{"name":"wp","href":"https:\/\/api.w.org\/{rel}","templated":true}]}}