{"id":130,"date":"2021-09-13T07:03:42","date_gmt":"2021-09-13T07:03:42","guid":{"rendered":"https:\/\/doku.basionapp.de\/?page_id=130"},"modified":"2021-09-16T13:32:51","modified_gmt":"2021-09-16T13:32:51","slug":"unterschrift","status":"publish","type":"page","link":"https:\/\/doku.basionapp.de\/index.php\/unterschrift\/","title":{"rendered":"Unterschrift"},"content":{"rendered":"\n<p>Schieben sie das Fotofenster nach links, und sie gelangen in das Unterschriftsfenster.<\/p>\n\n\n\n<p>Falls sie dies w\u00fcnschen, k\u00f6nnen sie den Mitarbeiter auch dazu veranlassen, von ihrem Kunden eine Unterschrift als Best\u00e4tigung der ordnungsgem\u00e4\u00dfen Bearbeitung des Auftrages einzuholen.<\/p>\n\n\n\n<p>Diese Unterschrift wird direkt auf ihrem Ger\u00e4t erstellt und als JPG-Datei wie ein Foto gespeichert.<\/p>\n\n\n\n<div class=\"wp-block-image\"><figure class=\"aligncenter size-full\"><img loading=\"lazy\" decoding=\"async\" width=\"363\" height=\"644\" src=\"https:\/\/doku.basionapp.de\/wp-content\/uploads\/2021\/09\/Unterschrift1.jpg\" alt=\"\" class=\"wp-image-134\" srcset=\"https:\/\/doku.basionapp.de\/wp-content\/uploads\/2021\/09\/Unterschrift1.jpg 363w, https:\/\/doku.basionapp.de\/wp-content\/uploads\/2021\/09\/Unterschrift1-169x300.jpg 169w\" sizes=\"auto, (max-width: 363px) 100vw, 363px\" \/><\/figure><\/div>\n\n\n\n<p>Sie haben dabei die M\u00f6glichkeit, den Lieferschein bzw. die Lieferscheine als Hintergrund anzeigen zu lassen, damit der Kunde unterschreibt, was hier aufgef\u00fchrt ist.<\/p>\n\n\n\n<p>Tippen sie auf den Button &#8222;mit Lieferschein&#8220;, um die Unterschrift mit den Lieferscheindaten im Hintergrund zu erfassen. Wollen sie keine Lieferscheindaten eingeblendet bekommen, tippen sie auf &#8222;ohne Lieferschein&#8220;.<\/p>\n\n\n\n<p>Nach dem Speichern sehen sie die Unterschrift in ihrem Fotofenster.<\/p>\n\n\n\n<div class=\"wp-block-buttons is-layout-flex wp-block-buttons-is-layout-flex\">\n<div class=\"wp-block-button has-custom-font-size is-style-outline has-normal-font-size is-style-outline--1\"><a class=\"wp-block-button__link\" href=\"https:\/\/doku.basionapp.de\/index.php\/anleitung\/\">zur\u00fcck zur \u00dcbersicht<\/a><\/div>\n<\/div>\n","protected":false},"excerpt":{"rendered":"<p>Schieben sie das Fotofenster nach links, und sie gelangen in das Unterschriftsfenster. Falls sie dies w\u00fcnschen, k\u00f6nnen sie den Mitarbeiter auch dazu veranlassen, von ihrem Kunden eine Unterschrift als Best\u00e4tigung der ordnungsgem\u00e4\u00dfen Bearbeitung des Auftrages einzuholen. Diese Unterschrift wird direkt auf ihrem Ger\u00e4t erstellt und als JPG-Datei wie ein Foto gespeichert. Sie haben dabei die [&hellip;]<\/p>\n","protected":false},"author":1,"featured_media":0,"parent":0,"menu_order":0,"comment_status":"closed","ping_status":"closed","template":"","meta":{"footnotes":""},"class_list":["post-130","page","type-page","status-publish","hentry"],"_links":{"self":[{"href":"https:\/\/doku.basionapp.de\/index.php\/wp-json\/wp\/v2\/pages\/130","targetHints":{"allow":["GET"]}}],"collection":[{"href":"https:\/\/doku.basionapp.de\/index.php\/wp-json\/wp\/v2\/pages"}],"about":[{"href":"https:\/\/doku.basionapp.de\/index.php\/wp-json\/wp\/v2\/types\/page"}],"author":[{"embeddable":true,"href":"https:\/\/doku.basionapp.de\/index.php\/wp-json\/wp\/v2\/users\/1"}],"replies":[{"embeddable":true,"href":"https:\/\/doku.basionapp.de\/index.php\/wp-json\/wp\/v2\/comments?post=130"}],"version-history":[{"count":5,"href":"https:\/\/doku.basionapp.de\/index.php\/wp-json\/wp\/v2\/pages\/130\/revisions"}],"predecessor-version":[{"id":164,"href":"https:\/\/doku.basionapp.de\/index.php\/wp-json\/wp\/v2\/pages\/130\/revisions\/164"}],"wp:attachment":[{"href":"https:\/\/doku.basionapp.de\/index.php\/wp-json\/wp\/v2\/media?parent=130"}],"curies":[{"name":"wp","href":"https:\/\/api.w.org\/{rel}","templated":true}]}}