{"id":139,"date":"2021-09-13T07:07:29","date_gmt":"2021-09-13T07:07:29","guid":{"rendered":"https:\/\/doku.basionapp.de\/?page_id=139"},"modified":"2021-09-13T07:14:32","modified_gmt":"2021-09-13T07:14:32","slug":"zeiterfassung","status":"publish","type":"page","link":"https:\/\/doku.basionapp.de\/index.php\/zeiterfassung\/","title":{"rendered":"Zeiterfassung"},"content":{"rendered":"\n<p>basion mobile stellt ihnen ein einfaches Zeitmanagement-Modul zur Verf\u00fcgung, mit dessen Hilfe sie die Arbeitszeiten und den Erledigungsaufwand ihrer Auftr\u00e4ge festhalten k\u00f6nnen.<\/p>\n\n\n\n<p>Diese Zeiten werden in ihr basion \u00fcbertragen und k\u00f6nnen dort eingesehen werden.<\/p>\n\n\n\n<div class=\"wp-block-image\"><figure class=\"aligncenter size-full\"><img loading=\"lazy\" decoding=\"async\" width=\"360\" height=\"642\" src=\"https:\/\/doku.basionapp.de\/wp-content\/uploads\/2021\/09\/Zeiterfassung.jpg\" alt=\"\" class=\"wp-image-140\" srcset=\"https:\/\/doku.basionapp.de\/wp-content\/uploads\/2021\/09\/Zeiterfassung.jpg 360w, https:\/\/doku.basionapp.de\/wp-content\/uploads\/2021\/09\/Zeiterfassung-168x300.jpg 168w\" sizes=\"auto, (max-width: 360px) 100vw, 360px\" \/><\/figure><\/div>\n\n\n\n<p>Folgende Zeitstempel werden erfasst:<\/p>\n\n\n\n<ul class=\"wp-block-list\"><li><strong>Arbeitsbeginn, diesen Zeitpunkt markieren sie manuell in der Zeiterfassung. Zus\u00e4tzlich wird jedes mal, wenn sie sich in der App anmelden, ein Zeitstempel gespeichert<\/strong><\/li><li><strong>Arbeitsende, wie oben entweder manuell oder beim abmelden bei der App<\/strong><\/li><li><strong>Pausenbeginn, sie markieren diesen Zeitpunkt manuell in der Zeiterfassung<\/strong><\/li><li><strong>Pausenende, wie oben<\/strong><\/li><li><strong>Auftragsbeginn, sie tippen den gr\u00fcnen Button bei den Auftragsdaten an, sobald sie den Auftrag beginnen.<\/strong><\/li><li><strong>Auftragsende, dieser Zeitpunkt wird automatisch markiert, sobald&nbsp;sie den Auftrag abschlie\u00dfen. Dieser Zeitpunkt ist erreicht, wenn alls Lieferscheinpositionen als erledigt abgespeichert wurden<\/strong><\/li><li><strong>Lieferungsbeginn. sobald sie eine Lieferscheinposition aufrufen, wird ein Zeitstempel gespeichert<\/strong><\/li><li><strong>Lieferungsende, wird automatisch beim abspeichern der Lieferscheinposition gespeichert<\/strong><\/li><\/ul>\n\n\n\n<div class=\"wp-block-buttons is-layout-flex wp-block-buttons-is-layout-flex\">\n<div class=\"wp-block-button has-custom-font-size is-style-outline has-normal-font-size is-style-outline--1\"><a class=\"wp-block-button__link\" href=\"https:\/\/doku.basionapp.de\/index.php\/anleitung\/\">zur\u00fcck zur \u00dcbersicht<\/a><\/div>\n<\/div>\n","protected":false},"excerpt":{"rendered":"<p>basion mobile stellt ihnen ein einfaches Zeitmanagement-Modul zur Verf\u00fcgung, mit dessen Hilfe sie die Arbeitszeiten und den Erledigungsaufwand ihrer Auftr\u00e4ge festhalten k\u00f6nnen. Diese Zeiten werden in ihr basion \u00fcbertragen und k\u00f6nnen dort eingesehen werden. Folgende Zeitstempel werden erfasst: Arbeitsbeginn, diesen Zeitpunkt markieren sie manuell in der Zeiterfassung. Zus\u00e4tzlich wird jedes mal, wenn sie sich in [&hellip;]<\/p>\n","protected":false},"author":1,"featured_media":0,"parent":0,"menu_order":0,"comment_status":"closed","ping_status":"closed","template":"","meta":{"footnotes":""},"class_list":["post-139","page","type-page","status-publish","hentry"],"_links":{"self":[{"href":"https:\/\/doku.basionapp.de\/index.php\/wp-json\/wp\/v2\/pages\/139","targetHints":{"allow":["GET"]}}],"collection":[{"href":"https:\/\/doku.basionapp.de\/index.php\/wp-json\/wp\/v2\/pages"}],"about":[{"href":"https:\/\/doku.basionapp.de\/index.php\/wp-json\/wp\/v2\/types\/page"}],"author":[{"embeddable":true,"href":"https:\/\/doku.basionapp.de\/index.php\/wp-json\/wp\/v2\/users\/1"}],"replies":[{"embeddable":true,"href":"https:\/\/doku.basionapp.de\/index.php\/wp-json\/wp\/v2\/comments?post=139"}],"version-history":[{"count":3,"href":"https:\/\/doku.basionapp.de\/index.php\/wp-json\/wp\/v2\/pages\/139\/revisions"}],"predecessor-version":[{"id":153,"href":"https:\/\/doku.basionapp.de\/index.php\/wp-json\/wp\/v2\/pages\/139\/revisions\/153"}],"wp:attachment":[{"href":"https:\/\/doku.basionapp.de\/index.php\/wp-json\/wp\/v2\/media?parent=139"}],"curies":[{"name":"wp","href":"https:\/\/api.w.org\/{rel}","templated":true}]}}