{"id":32,"date":"2021-09-10T12:02:54","date_gmt":"2021-09-10T12:02:54","guid":{"rendered":"https:\/\/doku.basionapp.de\/?page_id=32"},"modified":"2021-09-10T14:02:02","modified_gmt":"2021-09-10T14:02:02","slug":"vorwort","status":"publish","type":"page","link":"https:\/\/doku.basionapp.de\/","title":{"rendered":"Vorwort"},"content":{"rendered":"\n<h4 class=\"wp-block-heading\">Der einfache Weg in die Digitalisierung<\/h4>\n\n\n\n<hr class=\"wp-block-separator\"\/>\n\n\n\n<h4 class=\"wp-block-heading\">basion mobile<\/h4>\n\n\n\n<p>Die App f\u00fcr Ihre mobile Fahrzeuganbindung und Ihre digitale Hofliste<\/p>\n\n\n\n<p>In der Abfallbranche wird von Kunden- und Gesetzgeberseite der Zwang zur Dokumentation und Nachweisf\u00fchrung immer st\u00e4rker. Lieferscheine, Ladungsfotos und Register die umst\u00e4ndlich und zeitraubend gef\u00fchrt und verschickt werden m\u00fcssen.<\/p>\n\n\n\n<p>Um effizient zu arbeiten, m\u00fcssen sich Entsorger, Containerdienste, Recyclingh\u00f6fe immer besser f\u00fcr das digitale Zeitalter r\u00fcsten.<\/p>\n\n\n\n<p>Anfang der neunziger Jahre entwickelte die Reko Software GmbH in enger Zusammenarbeit mit Ihren Branchenkunden ein Programm speziell f\u00fcr Entsorgungsbetriebe.<\/p>\n\n\n\n<p>Diese Firmen suchten eine auf die Abfallbranche abgestimmte Software, die auch kosteng\u00fcnstig an die eigenen speziellen Abl\u00e4ufe angepasst werden konnte. Daraus entstand basion, die Unternehmenssoftware f\u00fcr die Abfallwirtschaft, welche im Lauf der Jahre immer weiterentwickelt wurde. basion l\u00e4sst sich an jede Betriebsgr\u00f6\u00dfe anpassen und ist dennoch einfach und intuitiv zu bedienen. Durch die enge Zusammenarbeit mit den Kunden erkannte man im Haus fr\u00fch den Bedarf einer mobilen Anbindung: eine App zur Vereinfachung der Abl\u00e4ufe in Disposition und Materialannahme.<\/p>\n\n\n\n<p>Die basion mobile App wurde daher in zwei Varianten entwickelt, eine f\u00fcr Fahrer und eine f\u00fcr Mitarbeiter auf dem Hof. Das Design der App ist individuell anpassbar, auf Wunsch kann auch die Sprache f\u00fcr den jeweiligen Mitarbeiter angepasst werden<\/p>\n\n\n\n<p>Die Variante f\u00fcr den Fahrer macht das Ausdrucken von Listen und Lieferscheinen \u00fcberfl\u00fcssig. Die Auftragsabwicklung geschieht auf elektronischem Weg. Mit der Fotofunktion lassen sich Bilder der Ladung eindeutig dem Auftrag zuordnen. Die Unterschrift erfolgt direkt auf dem mobilen Ger\u00e4t. Durch die automatische R\u00fcckmeldung an das B\u00fcro f\u00e4llt die R\u00fcckerfassung weg.<\/p>\n\n\n\n<p>Zahlendreher bei der Eingabe geh\u00f6ren dank Nutzung von Barcodes und Transponderchips der Vergangenheit an.<\/p>\n\n\n\n<p>Die Zieladresse kann vom Auftrag an das Navigationssystem \u00fcbergeben werden. Die App f\u00e4hrt mit, d.h. die Route sowie die Position des Fahrers kann auf einer Karte verfolgt werden. Stellt der Fahrer unterwegs fest, dass vor Ort beispielsweise nicht der erwartete sortenreine Bauschutt liegt, kann er das Material entsprechend \u00e4ndern oder erg\u00e4nzen. Optional kann der Fahrer auch eigenst\u00e4ndig einen komplett neuen Auftrag anlegen. Umgekehrt kann der Kollege im B\u00fcro Auftrags\u00e4nderungen oder neue Auftr\u00e4ge direkt an den Fahrer schicken.<\/p>\n\n\n\n<p>Eingehende Reklamationen k\u00f6nnen direkt \u00fcberpr\u00fcft werden, da \u00fcber die App eine l\u00fcckenlose Dokumentation mit Fotos m\u00f6glich ist.<\/p>\n\n\n\n<p>Die Variante f\u00fcr den Annahmemitarbeiter auf dem Hof dokumentiert die Anlieferung. Der Mitarbeiter sieht den Auftrag bereits, wenn der LKW eintrifft. Das Material kann klassifiziert werden und es k\u00f6nnen Fotos der Ladung erstellt und automatisch dem Auftrag zugeordnet werden. Der Auftrag wird dann sofort an das B\u00fcro oder die Waage weitergeleitet.<\/p>\n\n\n\n<p>Die basion mobile App kann auf Android-Ger\u00e4te ab Version 4.4 installiert werden. Die App wird im Haus weiterentwickelt, so dass Neuerungen in den Regularien zeitnah eingepflegt und dem Kunden zur Verf\u00fcgung gestellt werden.<\/p>\n\n\n\n<div class=\"wp-block-buttons is-layout-flex wp-block-buttons-is-layout-flex\">\n<div class=\"wp-block-button has-custom-font-size is-style-outline has-normal-font-size is-style-outline--1\"><a class=\"wp-block-button__link\" href=\"https:\/\/doku.basionapp.de\/index.php\/anleitung\/\">zur Anleitung<\/a><\/div>\n<\/div>\n\n\n\n<hr class=\"wp-block-separator\"\/>\n\n\n\n<p>Haben Sie noch Fragen? Sie erreichen unser Supportteam unter <strong>07147 9610-555<\/strong><\/p>\n\n\n\n<hr class=\"wp-block-separator\"\/>\n\n\n\n<p>Stand April 2019<\/p>\n","protected":false},"excerpt":{"rendered":"<p>Der einfache Weg in die Digitalisierung basion mobile Die App f\u00fcr Ihre mobile Fahrzeuganbindung und Ihre digitale Hofliste In der Abfallbranche wird von Kunden- und Gesetzgeberseite der Zwang zur Dokumentation und Nachweisf\u00fchrung immer st\u00e4rker. Lieferscheine, Ladungsfotos und Register die umst\u00e4ndlich und zeitraubend gef\u00fchrt und verschickt werden m\u00fcssen. Um effizient zu arbeiten, m\u00fcssen sich Entsorger, Containerdienste, [&hellip;]<\/p>\n","protected":false},"author":1,"featured_media":0,"parent":0,"menu_order":0,"comment_status":"closed","ping_status":"closed","template":"templates\/template-full-width.php","meta":{"footnotes":""},"class_list":["post-32","page","type-page","status-publish","hentry"],"_links":{"self":[{"href":"https:\/\/doku.basionapp.de\/index.php\/wp-json\/wp\/v2\/pages\/32","targetHints":{"allow":["GET"]}}],"collection":[{"href":"https:\/\/doku.basionapp.de\/index.php\/wp-json\/wp\/v2\/pages"}],"about":[{"href":"https:\/\/doku.basionapp.de\/index.php\/wp-json\/wp\/v2\/types\/page"}],"author":[{"embeddable":true,"href":"https:\/\/doku.basionapp.de\/index.php\/wp-json\/wp\/v2\/users\/1"}],"replies":[{"embeddable":true,"href":"https:\/\/doku.basionapp.de\/index.php\/wp-json\/wp\/v2\/comments?post=32"}],"version-history":[{"count":12,"href":"https:\/\/doku.basionapp.de\/index.php\/wp-json\/wp\/v2\/pages\/32\/revisions"}],"predecessor-version":[{"id":69,"href":"https:\/\/doku.basionapp.de\/index.php\/wp-json\/wp\/v2\/pages\/32\/revisions\/69"}],"wp:attachment":[{"href":"https:\/\/doku.basionapp.de\/index.php\/wp-json\/wp\/v2\/media?parent=32"}],"curies":[{"name":"wp","href":"https:\/\/api.w.org\/{rel}","templated":true}]}}