{"id":46,"date":"2021-09-10T13:11:56","date_gmt":"2021-09-10T13:11:56","guid":{"rendered":"https:\/\/doku.basionapp.de\/?page_id=46"},"modified":"2023-03-02T14:41:35","modified_gmt":"2023-03-02T14:41:35","slug":"impressum","status":"publish","type":"page","link":"https:\/\/doku.basionapp.de\/index.php\/impressum\/","title":{"rendered":"Impressum"},"content":{"rendered":"\n<p><\/p>\n\n\n\n<p id=\"u141791-4\"><strong>Reko Software GmbH<\/strong><\/p>\n\n\n\n<p id=\"u141791-4\"><br>Austra\u00dfe 129<br>74321 Bietigheim-Bissingen<\/p>\n\n\n\n<p>Tel. 07142 999 82-00<br>Fax 07142 999 82-20<br>info@reko-software.de<\/p>\n\n\n\n<p><strong>Vertretungsberechtigter Gesch\u00e4ftsf\u00fchrer:<\/strong><br>Michael Horak<br>Ralf Kohlenberg<\/p>\n\n\n\n<p><strong>Registergericht:<\/strong><br>Amtsgericht Stuttgart<br>Registernummer: HRB290969<\/p>\n\n\n\n<p>USt-IdNr.: DE226341572<\/p>\n\n\n\n<p>Inhaltlich Verantwortlicher gem\u00e4\u00df MStV:<br>Michael Horak<\/p>\n\n\n\n<p><\/p>\n\n\n\n<h2 class=\"wp-block-heading\">Datenschutzerkl\u00e4rung<\/h2>\n\n\n\n<p>Die Betreiber dieser Seiten nehmen den Schutz Ihrer pers\u00f6nlichen Daten sehr ernst. Wir behandeln Ihre personenbezogenen Daten vertraulich und entsprechend den gesetzlichen Datenschutzvorschriften sowie dieser Datenschutzerkl\u00e4rung.<\/p>\n\n\n\n<h5 class=\"wp-block-heading\">1. Name und Kontaktdaten des f\u00fcr die Verarbeitung Verantwortlichen sowie des Datenschutzbeauftragten<\/h5>\n\n\n\n<p>Verantwortlicher: Gesch\u00e4ftsf\u00fchrer der Reko Software GmbH<br>Austra\u00dfe.129<br>74321 Bietigheim-Bissingen<br>Tel. 07142 999 82-00<br>Fax 07142 999 82-20<br><a href=\"mailto:info@reko-software.de\">info@reko-software.de<\/a><\/p>\n\n\n\n<p>Der Datenschutzbeauftragte ist unter der Firmenanschrift bzw. unter <a href=\"mailto:dsb@reko-software.de\">dsb@reko-software.de<\/a> erreichbar.<\/p>\n\n\n\n<h5 class=\"wp-block-heading\">2. Erhebung und Speicherung personenbezogener Daten sowie Art und Zweck von deren Verwendung<\/h5>\n\n\n\n<p>a) beim Besuch unserer Website www.reko-software.de werden durch den auf Ihrem Endger\u00e4t zum Einsatz kommenden Browser automatisch Informationen an den Provider unserer Website gesendet. Diese Informationen werden tempor\u00e4r in einem sog. Logfile beim Provider gespeichert. Folgende Informationen werden dabei ohne Ihr Zutun erfasst und bis zur automatisierten L\u00f6schung gespeichert:<\/p>\n\n\n\n<ul class=\"wp-block-list\">\n<li>IP-Adresse des Ger\u00e4tes, mit dem Sie auf die Website zugreifen<\/li>\n\n\n\n<li>die Art des Browsers, mit dem Sie zugreifen,<\/li>\n\n\n\n<li>die Webseite, die Sie zuvor besucht haben,<\/li>\n\n\n\n<li>Ihre Systemkonfiguration sowie<\/li>\n\n\n\n<li>Datum und Zeitangaben.<\/li>\n<\/ul>\n\n\n\n<p>Die IP-Adressen speichert der Provider zur Erkennung und Abwehr von Angriffen maximal 7 Tage.<br>Dar\u00fcber hinaus setzen wir beim Besuch unserer Website Analysedienste ein. N\u00e4here Erl\u00e4uterungen dazu erhalten Sie unter den Ziff. 4 und 5 dieser Datenschutzerkl\u00e4rung.<\/p>\n\n\n\n<p>b) Bei der Nutzung unseres Kontaktformulars<\/p>\n\n\n\n<p>Bei Fragen jeglicher Art bieten wir Ihnen die M\u00f6glichkeit, mit uns \u00fcber ein auf der Website bereitgestelltes Formular Kontakt aufzunehmen. Dabei ist die Angabe einer g\u00fcltigen E-Mail-Adresse, Vorname, Nachname, Firma und Telefonnummer erforderlich, damit wir wissen, von wem die Anfrage stammt und um diese beantworten zu k\u00f6nnen. Weitere Angaben k\u00f6nnen freiwillig get\u00e4tigt werden. Die Datenverarbeitung zum Zwecke der Kontaktaufnahme mit uns erfolgt nach Art. 6 Abs. 1 S. 1 lit. a DSGVO auf Grundlage Ihrer freiwillig erteilten Einwilligung. Sie k\u00f6nnen Ihre Einwilligung jederzeit f\u00fcr die Zukunft per E-Mail an info@reko-software.de widerrufen. Die Daten werden gel\u00f6scht, wenn sie f\u00fcr die Erf\u00fcllung des Zwecks f\u00fcr welchen sie erhoben worden, nicht mehr erforderlich sind.<\/p>\n\n\n\n<h5 class=\"wp-block-heading\">3. Weitergabe von Daten an Dritte<\/h5>\n\n\n\n<p>Eine \u00dcbermittlung Ihrer pers\u00f6nlichen Daten an Dritte findet nicht statt.<\/p>\n\n\n\n<h5 class=\"wp-block-heading\">4. Cookies<\/h5>\n\n\n\n<p>Hierbei handelt es sich um kleine Dateien, die Ihr Browser automatisch erstellt und die auf Ihrem Endger\u00e4t (Laptop, Tablet, Smartphone o.\u00e4.) gespeichert werden. Cookies richten auf Ihrem Endger\u00e4t keinen Schaden an, enthalten keine Viren, Trojaner oder sonstige Schadsoftware. In einem Cookie werden Informationen abgelegt, die sich jeweils im Zusammenhang mit dem spezifisch eingesetzten Endger\u00e4t ergeben.<\/p>\n\n\n\n<p>Die Website selbst setzt keine Cookies auf Ihrem Rechner.<\/p>\n\n\n\n<h5 class=\"wp-block-heading\">5. Analysetools<\/h5>\n\n\n\n<p>Die im Folgenden aufgef\u00fchrten und von uns eingesetzten Tracking-Ma\u00dfnahmen werden auf Grundlage des Art. 6 Abs. 1 S. 1 lit. f DSGVO durchgef\u00fchrt. Mit den zum Einsatz kommenden Tracking-Ma\u00dfnahmen wollen wir eine bedarfsgerechte Gestaltung und die fortlaufende Optimierung unserer Webseite sicherstellen. Zum anderen setzen wir die Tracking-Ma\u00dfnahmen ein, um die Nutzung unserer Webseite statistisch zu erfassen und zum Zwecke der Optimierung unseres Angebotes f\u00fcr Sie auszuwerten. Diese Interessen sind als berechtigt im Sinne der vorgenannten Vorschrift anzusehen. Die jeweiligen Datenverarbeitungszwecke und Datenkategorien sind aus den entsprechenden Tracking-Tools zu entnehmen.<\/p>\n\n\n\n<p>Google Adwords Conversion Tracking<\/p>\n\n\n\n<p>Um die Nutzung unserer Webseite statistisch zu erfassen und zum Zwecke der Optimierung unserer Website f\u00fcr Sie auszuwerten, nutzen wir das Google Conversion Tracking. Dabei wird von Google Adwords ein Cookie (siehe Ziffer 4) auf Ihrem Rechner gesetzt, sofern Sie \u00fcber eine Google-Anzeige auf unsere Webseite gelangt sind. Diese Cookies verlieren nach 30 Tagen ihre G\u00fcltigkeit und dienen nicht der pers\u00f6nlichen Identifizierung. Besucht der Nutzer bestimmte Seiten der Webseite des Adwords-Kunden und das Cookie ist noch nicht abgelaufen, k\u00f6nnen Google und der Kunde erkennen, dass der Nutzer auf die Anzeige geklickt hat und zu dieser Seite weitergeleitet wurde.<\/p>\n\n\n\n<p>Jeder Adwords-Kunde erh\u00e4lt ein anderes Cookie. Cookies k\u00f6nnen somit nicht \u00fcber die Webseiten von Adwords-Kunden nachverfolgt werden. Die mithilfe des Conversion-Cookies eingeholten Informationen dienen dazu, Conversion-Statistiken f\u00fcr Adwords-Kunden zu erstellen, die sich f\u00fcr Conversion-Tracking entschieden haben. Die Adwords-Kunden erfahren die Gesamtanzahl der Nutzer, die auf ihre Anzeige geklickt haben und zu einer mit einem Conversion-Tracking-Tag versehenen Seite weitergeleitet wurden. Sie erhalten jedoch keine Informationen, mit denen sich Nutzer pers\u00f6nlich identifizieren lassen. Wenn Sie nicht an dem Tracking-Verfahren teilnehmen m\u00f6chten, k\u00f6nnen Sie auch das hierf\u00fcr erforderliche Setzen eines Cookies ablehnen \u2013 etwa per Browser-Einstellung, die das automatische Setzen von Cookies generell deaktiviert. Sie k\u00f6nnen Cookies f\u00fcr Conversion-Tracking auch deaktivieren, indem Sie Ihren Browser so einstellen, dass Cookies von der Domain \u201ewww.googleadservices.com\u201c blockiert werden. Googles Datenschutzbelehrung zum Conversion-Tracking finden Sie hier (<a href=\"https:\/\/services.google.com\/sitestats\/de.html\" target=\"_blank\" rel=\"noreferrer noopener\">https:\/\/services.google.com\/sitestats\/de.html<\/a>).<\/p>\n\n\n\n<h5 class=\"wp-block-heading\">6. Web Fonts<\/h5>\n\n\n\n<p>Diese Seite nutzt zur einheitlichen Darstellung von Schriftarten so genannte Web Fonts, die von Adobe Typekit bereitgestellt werden. Beim Aufruf einer Seite l\u00e4dt Ihr Browser die ben\u00f6tigten Web Fonts in ihren Browsercache, um Texte und Schriftarten korrekt anzuzeigen. Zu diesem Zweck muss der von Ihnen verwendete Browser Verbindung zu den Servern von Adobe Typekit aufnehmen. Hierdurch erlangt Adobe Typekit Kenntnis dar\u00fcber, dass \u00fcber Ihre IP-Adresse unsere Website aufgerufen wurde. Die Nutzung von Adobe Typekit Web Fonts erfolgt im Interesse einer einheitlichen und ansprechenden Darstellung unserer Online-Angebote. Dies stellt ein berechtigtes Interesse im Sinne von Art. 6 Abs. 1 lit. f DSGVO dar. Wenn Ihr Browser Web Fonts nicht unterst\u00fctzt, wird eine Standardschrift von Ihrem Computer genutzt. Weitere Informationen zu Adobe Typekit Web Fonts finden Sie unter www.typekit.com und in der Datenschutzerkl\u00e4rung von Adobe Typekit: www.adobe.com\/de\/privacy\/policies\/typekit.html<\/p>\n\n\n\n<h5 class=\"wp-block-heading\">7. Betroffenenrechte<\/h5>\n\n\n\n<p>Sie haben das Recht:<\/p>\n\n\n\n<ul class=\"wp-block-list\">\n<li>gem\u00e4\u00df Art. 15 DSGVO Auskunft \u00fcber Ihre von uns verarbeiteten personenbezogenen Daten zu verlangen.<\/li>\n\n\n\n<li>gem\u00e4\u00df Art. 16 DSGVO unverz\u00fcglich die Berichtigung unrichtiger oder Vervollst\u00e4ndigung Ihrer bei uns gespeicherten personenbezogenen Daten zu verlangen.<\/li>\n\n\n\n<li>gem\u00e4\u00df Art. 17 DSGVO die L\u00f6schung Ihrer bei uns gespeicherten personenbezogenen Daten zu verlangen, soweit diese nicht zur Erf\u00fcllung einer rechtlichen Verpflichtung erforderlich sind.<\/li>\n\n\n\n<li>gem\u00e4\u00df Art. 18 DSGVO die Einschr\u00e4nkung der Verarbeitung Ihrer personenbezogenen Daten zu verlangen, soweit die Richtigkeit der Daten von Ihnen bestritten wird.<\/li>\n\n\n\n<li>gem\u00e4\u00df Art. 20 DSGVO Ihre personenbezogenen Daten, die Sie uns bereitgestellt haben, in einem strukturierten, g\u00e4ngigen und maschinenlesbaren Format zu erhalten.<\/li>\n\n\n\n<li>gem\u00e4\u00df Art. 77 DSGVO sich bei einer Aufsichtsbeh\u00f6rde zu beschweren. In der Regel k\u00f6nnen Sie sich hierf\u00fcr an die Aufsichtsbeh\u00f6rde Ihres \u00fcblichen Aufenthaltsortes oder Arbeitsplatzes wenden.<\/li>\n<\/ul>\n\n\n\n<h5 class=\"wp-block-heading\">8. Widerspruchsrecht<\/h5>\n\n\n\n<p>Sofern Ihre personenbezogenen Daten auf Grundlage von berechtigten Interessen gem\u00e4\u00df Art. 6 Abs. 1 S. 1 lit. f DSGVO verarbeitet werden, haben Sie das Recht, gem\u00e4\u00df Art. 21 DSGVO Widerspruch gegen die Verarbeitung Ihrer personenbezogenen Daten einzulegen, soweit daf\u00fcr Gr\u00fcnde vorliegen, die sich aus Ihrer besonderen Situation ergeben oder sich der Widerspruch gegen Direktwerbung richtet. Im letzteren Fall haben Sie ein generelles Widerspruchsrecht, das ohne Angabe einer besonderen Situation von uns umgesetzt wird. M\u00f6chten Sie von Ihrem Widerrufs- oder Widerspruchsrecht<\/p>\n\n\n\n<p>Gebrauch machen, gen\u00fcgt eine E-Mail an <a href=\"mailto:info@reko-software.de\" target=\"_blank\" rel=\"noreferrer noopener\">info@reko-software.de<\/a>.<\/p>\n\n\n\n<h5 class=\"wp-block-heading\">9. Datensicherheit<\/h5>\n\n\n\n<p>Einzelne Seiten unseres Webauftritts werden verschl\u00fcsselt \u00fcbertragen.<br>Diese erkennen Sie an der geschlossenen Darstellung des Sch\u00fcssel- beziehungsweise Schloss-Symbols in der unteren Statusleiste Ihres Browsers. Wir bedienen uns geeigneter technischer und organisatorischer Sicherheitsma\u00dfnahmen, um Ihre Daten gegen zuf\u00e4llige oder vors\u00e4tzliche Manipulationen, teilweisen oder vollst\u00e4ndigen Verlust, Zerst\u00f6rung oder gegen den unbefugten Zugriff Dritter zu sch\u00fctzen. Unsere Sicherheitsma\u00dfnahmen werden entsprechend der technologischen Entwicklung fortlaufend verbessert.<\/p>\n\n\n\n<h5 class=\"wp-block-heading\">10. Aktualit\u00e4t und \u00c4nderung dieser Datenschutzerkl\u00e4rung<\/h5>\n\n\n\n<p>Diese Datenschutzerkl\u00e4rung ist aktuell g\u00fcltig und hat den<br>Stand Mai 2018.<\/p>\n","protected":false},"excerpt":{"rendered":"<p>Reko Software GmbH Austra\u00dfe 12974321 Bietigheim-Bissingen Tel. 07142 999 82-00Fax 07142 999 82-20info@reko-software.de Vertretungsberechtigter Gesch\u00e4ftsf\u00fchrer:Michael HorakRalf Kohlenberg Registergericht:Amtsgericht StuttgartRegisternummer: HRB290969 USt-IdNr.: DE226341572 Inhaltlich Verantwortlicher gem\u00e4\u00df MStV:Michael Horak Datenschutzerkl\u00e4rung Die Betreiber dieser Seiten nehmen den Schutz Ihrer pers\u00f6nlichen Daten sehr ernst. Wir behandeln Ihre personenbezogenen Daten vertraulich und entsprechend den gesetzlichen Datenschutzvorschriften sowie dieser Datenschutzerkl\u00e4rung. 1. [&hellip;]<\/p>\n","protected":false},"author":1,"featured_media":0,"parent":0,"menu_order":0,"comment_status":"closed","ping_status":"closed","template":"","meta":{"footnotes":""},"class_list":["post-46","page","type-page","status-publish","hentry"],"_links":{"self":[{"href":"https:\/\/doku.basionapp.de\/index.php\/wp-json\/wp\/v2\/pages\/46","targetHints":{"allow":["GET"]}}],"collection":[{"href":"https:\/\/doku.basionapp.de\/index.php\/wp-json\/wp\/v2\/pages"}],"about":[{"href":"https:\/\/doku.basionapp.de\/index.php\/wp-json\/wp\/v2\/types\/page"}],"author":[{"embeddable":true,"href":"https:\/\/doku.basionapp.de\/index.php\/wp-json\/wp\/v2\/users\/1"}],"replies":[{"embeddable":true,"href":"https:\/\/doku.basionapp.de\/index.php\/wp-json\/wp\/v2\/comments?post=46"}],"version-history":[{"count":10,"href":"https:\/\/doku.basionapp.de\/index.php\/wp-json\/wp\/v2\/pages\/46\/revisions"}],"predecessor-version":[{"id":177,"href":"https:\/\/doku.basionapp.de\/index.php\/wp-json\/wp\/v2\/pages\/46\/revisions\/177"}],"wp:attachment":[{"href":"https:\/\/doku.basionapp.de\/index.php\/wp-json\/wp\/v2\/media?parent=46"}],"curies":[{"name":"wp","href":"https:\/\/api.w.org\/{rel}","templated":true}]}}