{"id":94,"date":"2021-09-10T14:29:08","date_gmt":"2021-09-10T14:29:08","guid":{"rendered":"https:\/\/doku.basionapp.de\/?page_id=94"},"modified":"2021-09-10T14:37:50","modified_gmt":"2021-09-10T14:37:50","slug":"login","status":"publish","type":"page","link":"https:\/\/doku.basionapp.de\/index.php\/login\/","title":{"rendered":"Login"},"content":{"rendered":"\n<p>Wenn sie bei den Einstellungen den Firmennamen und das Firmenpasswort richtig eingegeben haben, erhalten sie f\u00fcr die zwei Eingabefelder f\u00fcr den Benutzer und das Fahrzeug die f\u00fcr ihre Firma registrierten Mitarbeiter und Fahrzeuge. Sollte beim 1. Antippen keine Auswahl erscheinen, tippen sie auf das andere Feld, jetzt sollten sie ihre Daten sehen.<\/p>\n\n\n\n<p>W\u00e4hlen sie den entsprechenden Mitarbeiter und das Fahrzeug aus.<\/p>\n\n\n\n<p>Das Passwort wird ihnen von Reko mitgeteilt bzw. sie tragen dieses selbst in basion ein.<\/p>\n\n\n\n<p>Zu Testzwecken steht ihnen folgender Benutzer der Demo-Firma zur Verf\u00fcgung.<\/p>\n\n\n\n<p><strong>Benutzer: Gans, Karl<\/strong><\/p>\n\n\n\n<p><strong>Fahrzeug: ES-DM 3009<\/strong><\/p>\n\n\n\n<p><strong>Passwort: 55555<\/strong><\/p>\n\n\n\n<p>Stellen sie hierzu in den Einstellungen den <strong>Historie-Zeitraum auf 300 Tage<\/strong>, damit sie Daten angezeigt bekommen<\/p>\n\n\n\n<div class=\"wp-block-image\"><figure class=\"aligncenter size-full\"><img loading=\"lazy\" decoding=\"async\" width=\"362\" height=\"641\" src=\"https:\/\/doku.basionapp.de\/wp-content\/uploads\/2021\/09\/Login.jpg\" alt=\"\" class=\"wp-image-101\" srcset=\"https:\/\/doku.basionapp.de\/wp-content\/uploads\/2021\/09\/Login.jpg 362w, https:\/\/doku.basionapp.de\/wp-content\/uploads\/2021\/09\/Login-169x300.jpg 169w\" sizes=\"auto, (max-width: 362px) 100vw, 362px\" \/><\/figure><\/div>\n\n\n\n<p>Wenn sie den Schiebeschalter beim speichern nach rechts schieben, werden diese Daten auf ihrem Ger\u00e4t gespeichert und sie m\u00fcssen diese nicht jedes mal neu eingeben. Sollte das Ger\u00e4t von verschiedenen Mitarbeitern verwendet werden und sie m\u00fcssten wissen, wer den Auftrag bearbeitet hat bzw. wenn sie die Arbeitszeiten ben\u00f6tigen, lassen sie diesen Schalter links.<\/p>\n\n\n\n<div class=\"wp-block-buttons is-layout-flex wp-block-buttons-is-layout-flex\">\n<div class=\"wp-block-button has-custom-font-size is-style-outline has-normal-font-size is-style-outline--1\"><a class=\"wp-block-button__link\" href=\"https:\/\/doku.basionapp.de\/index.php\/auftragsdaten\/\">zu den Auftragsdaten<\/a><\/div>\n<\/div>\n","protected":false},"excerpt":{"rendered":"<p>Wenn sie bei den Einstellungen den Firmennamen und das Firmenpasswort richtig eingegeben haben, erhalten sie f\u00fcr die zwei Eingabefelder f\u00fcr den Benutzer und das Fahrzeug die f\u00fcr ihre Firma registrierten Mitarbeiter und Fahrzeuge. Sollte beim 1. Antippen keine Auswahl erscheinen, tippen sie auf das andere Feld, jetzt sollten sie ihre Daten sehen. W\u00e4hlen sie den [&hellip;]<\/p>\n","protected":false},"author":1,"featured_media":0,"parent":0,"menu_order":0,"comment_status":"closed","ping_status":"closed","template":"","meta":{"footnotes":""},"class_list":["post-94","page","type-page","status-publish","hentry"],"_links":{"self":[{"href":"https:\/\/doku.basionapp.de\/index.php\/wp-json\/wp\/v2\/pages\/94","targetHints":{"allow":["GET"]}}],"collection":[{"href":"https:\/\/doku.basionapp.de\/index.php\/wp-json\/wp\/v2\/pages"}],"about":[{"href":"https:\/\/doku.basionapp.de\/index.php\/wp-json\/wp\/v2\/types\/page"}],"author":[{"embeddable":true,"href":"https:\/\/doku.basionapp.de\/index.php\/wp-json\/wp\/v2\/users\/1"}],"replies":[{"embeddable":true,"href":"https:\/\/doku.basionapp.de\/index.php\/wp-json\/wp\/v2\/comments?post=94"}],"version-history":[{"count":5,"href":"https:\/\/doku.basionapp.de\/index.php\/wp-json\/wp\/v2\/pages\/94\/revisions"}],"predecessor-version":[{"id":170,"href":"https:\/\/doku.basionapp.de\/index.php\/wp-json\/wp\/v2\/pages\/94\/revisions\/170"}],"wp:attachment":[{"href":"https:\/\/doku.basionapp.de\/index.php\/wp-json\/wp\/v2\/media?parent=94"}],"curies":[{"name":"wp","href":"https:\/\/api.w.org\/{rel}","templated":true}]}}